{"id":26,"date":"2021-01-25T16:52:46","date_gmt":"2021-01-25T15:52:46","guid":{"rendered":"http:\/\/bragu.de\/?page_id=26"},"modified":"2022-08-05T15:34:02","modified_gmt":"2022-08-05T13:34:02","slug":"impressum","status":"publish","type":"page","link":"https:\/\/guidobraun.com\/?page_id=26","title":{"rendered":"Impressum"},"content":{"rendered":"\n<p>Guido Braun Immobilien<br>Egerstr. 11<br>86911 Die\u00dfen am Ammersee<br><br>Tel: 01512 2962000<br><br>E-Mail: <a href=\"mailto:braunguido@t-online.de\">braunguido@t-online.de<\/a><br><br>Steuernummer: 131 206 90102<br><br>Erlaubnis zur Aus\u00fcbung des Makler-, Bautr\u00e4ger- und Baubetreuergewerbes gem. \u00a734c GewO wurde 1992 erteilt durch das Landratsamt F\u00fcrstenfeldbruck.<br><br>Zust\u00e4ndige Aufsichtsbeh\u00f6rde: IHK f\u00fcr M\u00fcnchen und Oberbayern, Max-Joseph-Stra\u00dfe 2, 80333 M\u00fcnchen.<br><br>Berufskammer: Handwerkskammer f\u00fcr M\u00fcnchen und Oberbayern<br><br><\/p>\n","protected":false},"excerpt":{"rendered":"<p>Guido Braun ImmobilienEgerstr. 1186911 Die\u00dfen am Ammersee Tel: 01512 2962000 E-Mail: braunguido@t-online.de Steuernummer: 131 206 90102 Erlaubnis zur Aus\u00fcbung des Makler-, Bautr\u00e4ger- und Baubetreuergewerbes gem. \u00a734c GewO wurde 1992 erteilt durch das Landratsamt F\u00fcrstenfeldbruck. Zust\u00e4ndige Aufsichtsbeh\u00f6rde: IHK f\u00fcr M\u00fcnchen und Oberbayern, Max-Joseph-Stra\u00dfe 2, 80333 M\u00fcnchen. Berufskammer: Handwerkskammer f\u00fcr M\u00fcnchen und Oberbayern<\/p>\n","protected":false},"author":1,"featured_media":0,"parent":0,"menu_order":0,"comment_status":"closed","ping_status":"closed","template":"","meta":{"footnotes":""},"class_list":["post-26","page","type-page","status-publish","hentry","entry"],"_links":{"self":[{"href":"https:\/\/guidobraun.com\/index.php?rest_route=\/wp\/v2\/pages\/26","targetHints":{"allow":["GET"]}}],"collection":[{"href":"https:\/\/guidobraun.com\/index.php?rest_route=\/wp\/v2\/pages"}],"about":[{"href":"https:\/\/guidobraun.com\/index.php?rest_route=\/wp\/v2\/types\/page"}],"author":[{"embeddable":true,"href":"https:\/\/guidobraun.com\/index.php?rest_route=\/wp\/v2\/users\/1"}],"replies":[{"embeddable":true,"href":"https:\/\/guidobraun.com\/index.php?rest_route=%2Fwp%2Fv2%2Fcomments&post=26"}],"version-history":[{"count":3,"href":"https:\/\/guidobraun.com\/index.php?rest_route=\/wp\/v2\/pages\/26\/revisions"}],"predecessor-version":[{"id":68,"href":"https:\/\/guidobraun.com\/index.php?rest_route=\/wp\/v2\/pages\/26\/revisions\/68"}],"wp:attachment":[{"href":"https:\/\/guidobraun.com\/index.php?rest_route=%2Fwp%2Fv2%2Fmedia&parent=26"}],"curies":[{"name":"wp","href":"https:\/\/api.w.org\/{rel}","templated":true}]}}